{"id":25702,"date":"2024-12-31T02:52:43","date_gmt":"2024-12-31T02:52:43","guid":{"rendered":"https:\/\/iptv-smarterpro.net\/?page_id=25702"},"modified":"2025-12-04T02:55:02","modified_gmt":"2025-12-04T02:55:02","slug":"confidentialite","status":"publish","type":"page","link":"https:\/\/iptv-smarterpro.net\/de\/confidentialite\/","title":{"rendered":"Datenschutz"},"content":{"rendered":"<div class=\"elementor-element elementor-element-3d5c1182 e-flex e-con-boxed e-con e-parent e-lazyloaded\" data-id=\"3d5c1182\" data-element_type=\"container\">\n<div class=\"e-con-inner\">\n<div class=\"elementor-element elementor-element-1b4bb615 elementor-widget elementor-widget-heading\" data-id=\"1b4bb615\" data-element_type=\"widget\" data-widget_type=\"heading.default\">\n<div class=\"elementor-widget-container\">\n<h2 class=\"elementor-heading-title elementor-size-default\"><span style=\"color: #00ccff;\">Privacy Policy<\/span><\/h2>\n<\/div>\n<\/div>\n<\/div>\n<\/div>\n<div class=\"elementor-element elementor-element-37ae7d2b e-flex e-con-boxed e-con e-parent e-lazyloaded\" data-id=\"37ae7d2b\" data-element_type=\"container\">\n<div class=\"e-con-inner\">\n<div class=\"elementor-element elementor-element-570e1ac8 elementor-widget elementor-widget-text-editor\" data-id=\"570e1ac8\" data-element_type=\"widget\" data-widget_type=\"text-editor.default\">\n<div class=\"elementor-widget-container\">\n<p>At <a href=\"https:\/\/iptv-smarterpro.net\/de\"><strong>iptv-smarterpro.net<\/strong><\/a>Wir sind bestrebt, Ihre Privatsph\u00e4re zu sch\u00fctzen und alle personenbezogenen Daten, die Sie uns zur Verf\u00fcgung stellen, zu sichern. Diese Datenschutzrichtlinie beschreibt, wie wir Ihre Daten sammeln, verwenden und sch\u00fctzen, wenn Sie unsere Website und Dienstleistungen nutzen.<\/p>\n<h4>1.\u00a0<strong>Information We Collect<\/strong><\/h4>\n<p>Wir k\u00f6nnen die folgenden Arten von Informationen sammeln und verarbeiten:<\/p>\n<p><strong>1.1 Pers\u00f6nliche Informationen:<\/strong><\/p>\n<ul>\n<li>Name<\/li>\n<li>E-Mail-Adresse<\/li>\n<li>Zahlungsinformationen (z. B. Kreditkartendetails)<\/li>\n<li>Rechnungs- und Versandadressen<\/li>\n<li>Telefonnummer<\/li>\n<\/ul>\n<p><strong>1.2 Verwendung Data:<\/strong><\/p>\n<ul>\n<li>IP-Adresse<\/li>\n<li>Browsertyp und -version<\/li>\n<li>Ger\u00e4teinformationen<\/li>\n<li>Auf unserer Website besuchte Seiten<\/li>\n<li>Zeit und Datum des Besuchs<\/li>\n<li>Verweisen von Websites<\/li>\n<\/ul>\n<p><strong>1.3 Cookies und Tracking-Daten:<\/strong>\u00a0Wir verwenden Cookies und \u00e4hnliche Tracking-Technologien, um Ihre Erfahrung auf unserer Website zu verbessern. Cookies sind kleine Datendateien, die auf Ihrem Ger\u00e4t gespeichert werden. Sie k\u00f6nnen Cookies \u00fcber Ihre Browser-Einstellungen steuern oder deaktivieren.<\/p>\n<h4>2.\u00a0<strong>How We Use Your Information<\/strong><\/h4>\n<p>Wir verwenden die von uns gesammelten Informationen f\u00fcr die folgenden Zwecke:<\/p>\n<p><strong>2.1 To Provide and Improve Our Services (Unsere Dienstleistungen bereitstellen und verbessern):<\/strong><\/p>\n<ul>\n<li>Bearbeiten und verwalten Sie Ihr Abonnement oder Ihren Kauf.<\/li>\n<li>Deliver IPTV services and customer support.<\/li>\n<li>Personalisieren Sie Ihr Erlebnis auf unserer Website.<\/li>\n<\/ul>\n<p><strong>2.2 Kommunikation:<\/strong><\/p>\n<ul>\n<li>Send you service updates, promotions, and offers (you may opt out at any time).<\/li>\n<li>Beantworten Sie Ihre Fragen per E-Mail an <strong>contact@iptv-smarterpro.net<\/strong><\/li>\n<\/ul>\n<p><strong>2.3 Legal Compliance:<\/strong><\/p>\n<ul>\n<li>Erf\u00fcllung gesetzlicher Verpflichtungen und Beantwortung rechtm\u00e4\u00dfiger Anfragen von \u00f6ffentlichen Beh\u00f6rden.<\/li>\n<\/ul>\n<h4>3.\u00a0<strong>How We Protect Your Information<\/strong><\/h4>\n<p>Wir implementieren eine Vielzahl von Sicherheitsma\u00dfnahmen, um die Sicherheit Ihrer personenbezogenen Daten zu gew\u00e4hrleisten. Dazu geh\u00f6ren Verschl\u00fcsselung, Firewalls und sichere Server, um Ihre Daten vor unberechtigtem Zugriff, Offenlegung, Ver\u00e4nderung oder Zerst\u00f6rung zu sch\u00fctzen.<\/p>\n<p>Allerdings ist keine Methode der \u00dcbertragung \u00fcber das Internet und keine Methode der elektronischen Speicherung 100% sicher. Obwohl wir uns bem\u00fchen, kommerziell akzeptable Mittel zum Schutz Ihrer Informationen einzusetzen, k\u00f6nnen wir deren absolute Sicherheit nicht garantieren.<\/p>\n<h4>4.\u00a0<strong>Sharing Your Information<\/strong><\/h4>\n<p>Wir d\u00fcrfen Ihre pers\u00f6nlichen Informationen nur in den folgenden F\u00e4llen an Dritte weitergeben:<\/p>\n<p><strong>4.1 Service Providers:<\/strong>\u00a0We may share your information with trusted third-party service providers (e.g., payment processors, hosting services) to help us provide and manage our services.<\/p>\n<p><strong>4.2 Legal Obligations:<\/strong>\u00a0We may disclose your personal data if required to do so by law or in response to valid requests by public authorities (e.g., a court or government agency).<\/p>\n<p><strong>4.3 Business Transfers:<\/strong> Wenn xciptv-playerott.com an einem Zusammenschluss, einer \u00dcbernahme oder einem Verkauf von Verm\u00f6genswerten beteiligt ist, k\u00f6nnen Ihre personenbezogenen Daten als Teil dieser Transaktion \u00fcbertragen werden. Wir werden Sie benachrichtigen, bevor Ihre Daten \u00fcbertragen werden und einer anderen Datenschutzrichtlinie unterliegen.<\/p>\n<h4>5.\u00a0<strong>Your Rights<\/strong><\/h4>\n<p>Sie haben die folgenden Rechte in Bezug auf Ihre pers\u00f6nlichen Daten:<\/p>\n<p><strong>5.1 Zugang und Korrektur:<\/strong>\u00a0Sie k\u00f6nnen eine Kopie Ihrer von uns gespeicherten personenbezogenen Daten anfordern und uns auffordern, etwaige inkorrekte Informationen zu korrigieren oder zu aktualisieren.<\/p>\n<p><strong>5.2 Data Deletion:<\/strong>\u00a0Sie haben das Recht, die L\u00f6schung Ihrer personenbezogenen Daten zu beantragen, abh\u00e4ngig von jeglichen rechtlichen Verpflichtungen, die wir zur Aufbewahrung bestimmter Informationen haben.<\/p>\n<p><strong>5.3 Data Portability:<\/strong>\u00a0Sie k\u00f6nnen verlangen, dass Sie Ihre personenbezogenen Daten in einem strukturierten, allgemein gebr\u00e4uchlichen und maschinenlesbaren Format erhalten.<\/p>\n<p><strong>5.4 Withdraw Consent:<\/strong>\u00a0Wenn wir Ihre personenbezogenen Daten auf der Grundlage Ihrer Zustimmung verarbeiten, k\u00f6nnen Sie diese Zustimmung jederzeit widerrufen.<\/p>\n<p>To exercise any of these rights, please contact us at smarterstvip1gmail.com .<\/p>\n<h4>6.\u00a0<strong>Zur\u00fcckhalten von Daten<\/strong><\/h4>\n<p>Wir werden Ihre personenbezogenen Daten nur so lange aufbewahren, wie es f\u00fcr die in dieser Datenschutzrichtlinie dargelegten Zwecke notwendig ist, und um unseren rechtlichen Verpflichtungen nachzukommen, Streitigkeiten zu l\u00f6sen und unsere Vereinbarungen zu vollstrecken.<\/p>\n<h4>7.\u00a0<strong>Third-Party Links<\/strong><\/h4>\n<p>Unsere Website kann Links zu anderen Websites oder Diensten enthalten. Wir sind nicht verantwortlich f\u00fcr die Datenschutzpraktiken oder den Inhalt dieser Websites Dritter. Wir empfehlen Ihnen, die Datenschutzbestimmungen aller von Ihnen besuchten Drittanbieter-Dienste zu \u00fcberpr\u00fcfen.<\/p>\n<h4>8.\u00a0<strong>\u00c4nderungen an dieser Datenschutzrichtlinie<\/strong><\/h4>\n<p>We may update this Privacy Policy from time to time. Alle \u00c4nderungen werden auf dieser Seite mit einem aktualisierten \"Effective Date\" am Anfang ver\u00f6ffentlicht. Indem Sie unsere Website und Dienste nach einer \u00c4nderung weiterhin nutzen, stimmen Sie der \u00fcberarbeiteten Richtlinie zu.<\/p>\n<h4>9.\u00a0<strong>Kontakt Us<\/strong><\/h4>\n<p>Wenn Sie Fragen zu dieser Datenschutzrichtlinie oder dazu haben, wie wir mit Ihren personenbezogenen Daten umgehen, kontaktieren Sie uns bitte unter:<\/p>\n<p><strong>Email: <\/strong><a href=\"\/de\/contact@iptv-smarterpro.net\/\">contact@iptv-smarterpro.net<\/a><\/p>\n<p><strong>Website:<\/strong> <a href=\"https:\/\/iptv-smarterpro.net\/de\/\">https:\/\/iptv-smarterpro.net<\/a><\/p>\n<\/div>\n<\/div>\n<\/div>\n<\/div>","protected":false},"excerpt":{"rendered":"<p>Privacy Policy At iptv-smarterpro.net, we are committed to protecting your privacy and safeguarding any personal information that you provide to us. This Privacy Policy outlines how we collect, use, and protect your data when you use our website and services. 1.\u00a0Information We Collect We may collect and process the following types of information: 1.1 Personal [&hellip;]<\/p>\n","protected":false},"author":1,"featured_media":0,"parent":0,"menu_order":0,"comment_status":"closed","ping_status":"closed","template":"","meta":{"site-sidebar-layout":"default","site-content-layout":"","ast-site-content-layout":"default","site-content-style":"default","site-sidebar-style":"default","ast-global-header-display":"","ast-banner-title-visibility":"","ast-main-header-display":"","ast-hfb-above-header-display":"","ast-hfb-below-header-display":"","ast-hfb-mobile-header-display":"","site-post-title":"","ast-breadcrumbs-content":"","ast-featured-img":"","footer-sml-layout":"","ast-disable-related-posts":"","theme-transparent-header-meta":"default","adv-header-id-meta":"","stick-header-meta":"","header-above-stick-meta":"","header-main-stick-meta":"","header-below-stick-meta":"","astra-migrate-meta-layouts":"set","ast-page-background-enabled":"default","ast-page-background-meta":{"desktop":{"background-color":"","background-image":"","background-repeat":"repeat","background-position":"center center","background-size":"auto","background-attachment":"scroll","background-type":"","background-media":"","overlay-type":"","overlay-color":"","overlay-opacity":"","overlay-gradient":""},"tablet":{"background-color":"","background-image":"","background-repeat":"repeat","background-position":"center center","background-size":"auto","background-attachment":"scroll","background-type":"","background-media":"","overlay-type":"","overlay-color":"","overlay-opacity":"","overlay-gradient":""},"mobile":{"background-color":"","background-image":"","background-repeat":"repeat","background-position":"center center","background-size":"auto","background-attachment":"scroll","background-type":"","background-media":"","overlay-type":"","overlay-color":"","overlay-opacity":"","overlay-gradient":""}},"ast-content-background-meta":{"desktop":{"background-color":"var(--ast-global-color-5)","background-image":"","background-repeat":"repeat","background-position":"center center","background-size":"auto","background-attachment":"scroll","background-type":"","background-media":"","overlay-type":"","overlay-color":"","overlay-opacity":"","overlay-gradient":""},"tablet":{"background-color":"var(--ast-global-color-5)","background-image":"","background-repeat":"repeat","background-position":"center center","background-size":"auto","background-attachment":"scroll","background-type":"","background-media":"","overlay-type":"","overlay-color":"","overlay-opacity":"","overlay-gradient":""},"mobile":{"background-color":"var(--ast-global-color-5)","background-image":"","background-repeat":"repeat","background-position":"center center","background-size":"auto","background-attachment":"scroll","background-type":"","background-media":"","overlay-type":"","overlay-color":"","overlay-opacity":"","overlay-gradient":""}},"footnotes":""},"class_list":["post-25702","page","type-page","status-publish","hentry"],"_links":{"self":[{"href":"https:\/\/iptv-smarterpro.net\/de\/wp-json\/wp\/v2\/pages\/25702","targetHints":{"allow":["GET"]}}],"collection":[{"href":"https:\/\/iptv-smarterpro.net\/de\/wp-json\/wp\/v2\/pages"}],"about":[{"href":"https:\/\/iptv-smarterpro.net\/de\/wp-json\/wp\/v2\/types\/page"}],"author":[{"embeddable":true,"href":"https:\/\/iptv-smarterpro.net\/de\/wp-json\/wp\/v2\/users\/1"}],"replies":[{"embeddable":true,"href":"https:\/\/iptv-smarterpro.net\/de\/wp-json\/wp\/v2\/comments?post=25702"}],"version-history":[{"count":5,"href":"https:\/\/iptv-smarterpro.net\/de\/wp-json\/wp\/v2\/pages\/25702\/revisions"}],"predecessor-version":[{"id":26637,"href":"https:\/\/iptv-smarterpro.net\/de\/wp-json\/wp\/v2\/pages\/25702\/revisions\/26637"}],"wp:attachment":[{"href":"https:\/\/iptv-smarterpro.net\/de\/wp-json\/wp\/v2\/media?parent=25702"}],"curies":[{"name":"wp","href":"https:\/\/api.w.org\/{rel}","templated":true}]}}