{"id":25704,"date":"2024-12-31T02:52:55","date_gmt":"2024-12-31T02:52:55","guid":{"rendered":"https:\/\/iptv-smarterpro.net\/?page_id=25704"},"modified":"2025-12-04T02:55:04","modified_gmt":"2025-12-04T02:55:04","slug":"ruckerstattung","status":"publish","type":"page","link":"https:\/\/iptv-smarterpro.net\/de\/ruckerstattung\/","title":{"rendered":"R\u00fcckerstattung"},"content":{"rendered":"<div class=\"elementor-element elementor-element-347cf9bf e-flex e-con-boxed e-con e-parent e-lazyloaded\" data-id=\"347cf9bf\" data-element_type=\"container\">\n<div class=\"e-con-inner\">\n<div class=\"elementor-element elementor-element-7f929757 elementor-widget elementor-widget-heading\" data-id=\"7f929757\" data-element_type=\"widget\" data-widget_type=\"heading.default\">\n<div class=\"elementor-widget-container\">\n<h2 class=\"elementor-heading-title elementor-size-default\"><span style=\"color: #00ccff;\">Refund Policy<\/span><\/h2>\n<\/div>\n<\/div>\n<\/div>\n<\/div>\n<div class=\"elementor-element elementor-element-30a2db88 e-flex e-con-boxed e-con e-parent e-lazyloaded\" data-id=\"30a2db88\" data-element_type=\"container\">\n<div class=\"e-con-inner\">\n<div class=\"elementor-element elementor-element-7dbd7ca4 elementor-widget elementor-widget-text-editor\" data-id=\"7dbd7ca4\" data-element_type=\"widget\" data-widget_type=\"text-editor.default\">\n<div class=\"elementor-widget-container\">\n<p>At <strong><a href=\"https:\/\/iptv-smarterpro.net\/de\"> iptv-smarterpro.net<\/a><\/strong>Wir glauben an die Qualit\u00e4t unserer Produkte und Dienstleistungen. Unser oberstes Ziel ist Ihre Zufriedenheit, und wir arbeiten jeden Tag flei\u00dfig daran, dass Sie eine nahtlose Erfahrung machen. Wir verstehen jedoch, dass es zu Problemen kommen kann, und wir sind bestrebt, diese transparent und fair zu behandeln. Im Folgenden finden Sie unsere R\u00fcckerstattungsrichtlinie.<\/p>\n<h4>1.\u00a0<strong>Refund Eligibility<\/strong><\/h4>\n<p>1.1\u00a0<strong>Full Refund:<\/strong><br \/>\nWenn Sie mit Ihrem Kauf nicht zufrieden sind oder auf ein Problem sto\u00dfen, das das System unbrauchbar macht und wir es nicht innerhalb von 48 Stunden beheben k\u00f6nnen, erstatten wir Ihnen gerne den Kaufpreis zur\u00fcck. R\u00fcckerstattungen k\u00f6nnen innerhalb von 72 Stunden nach dem Kaufdatum beantragt werden. Antr\u00e4ge, die nach 72 Stunden gestellt werden, kommen nicht f\u00fcr eine R\u00fcckerstattung in Frage.<\/p>\n<p>1.2\u00a0<strong>Partial Refunds:<\/strong><br \/>\nR\u00fcckerstattungen, die nach der urspr\u00fcnglichen 72-Stunden-Frist, aber w\u00e4hrend der aktiven Abonnementperiode beantragt wurden, k\u00f6nnen teilweise zur\u00fcckerstattet werden, je nach der in Anspruch genommenen Abonnementzeit. Unser Support-Team wird sich mit Ihnen in Verbindung setzen, um etwaige R\u00fcckerstattungsantr\u00e4ge zu l\u00f6sen.<\/p>\n<p>1.3\u00a0<strong>Refund Timeline:<\/strong><br \/>\nR\u00fcckerstattungen werden je nach Zahlungsabwickler innerhalb von 20 bis 90 Gesch\u00e4ftstagen bearbeitet. Wir bem\u00fchen uns, die R\u00fcckerstattung so schnell wie m\u00f6glich nach Erhalt und Pr\u00fcfung des Antrags einzuleiten, aber bitte beachten Sie, dass Verz\u00f6gerungen aufgrund von Zeitpl\u00e4nen f\u00fcr die Zahlungsabwicklung au\u00dferhalb unserer Kontrolle liegen.<\/p>\n<h4>2.\u00a0<strong>How to Request a Refund<\/strong><\/h4>\n<p>Um eine R\u00fcckerstattung zu beantragen, folgen Sie bitte diesen Schritten:<\/p>\n<ul>\n<li>Geben Sie Ihre Bestell-ID in der Betreffzeile mit dem Titel: \"Request a Refund\" an.<\/li>\n<li>Beschreiben Sie die Probleme, mit denen Sie konfrontiert sind, und geben Sie einen Grund f\u00fcr den R\u00fcckerstattungsantrag an.<\/li>\n<li>In manchen F\u00e4llen kann es sein, dass wir zus\u00e4tzliche Beweise oder Informationen verlangen, um die Angelegenheit besser zu verstehen.<\/li>\n<li>Sie erhalten von uns eine Antwort, in der wir unsere Erkenntnisse und unsere Entscheidung bez\u00fcglich des R\u00fcckerstattungsantrags erl\u00e4utern und so f\u00fcr vollst\u00e4ndige Transparenz sorgen.<\/li>\n<\/ul>\n<p>Senden Sie Ihren Antrag auf R\u00fcckerstattung an <a href=\"\/de\/contact@iptv-smarterpro.net\/\"><strong>contact@iptv-smarterpro.net<\/strong><\/a>.<\/p>\n<h4>3.\u00a0<strong>Bedingungen f\u00fcr Refunds<\/strong><\/h4>\n<p>3.1\u00a0<strong>Technical Support Requirement:<\/strong><br \/>\nRefunds f\u00fcr technische Probleme werden nur dann bearbeitet, wenn Sie uns erlaubt haben, Sie bei der L\u00f6sung des Problems angemessen zu unterst\u00fctzen. Wenn wir Ihr Problem nicht innerhalb von 48 Stunden nach Erhalt Ihrer Support-Anfrage l\u00f6sen k\u00f6nnen, werden wir eine R\u00fcckerstattung anbieten.<\/p>\n<p>3.2\u00a0<strong>72-Stunden Refund Period:<\/strong><br \/>\nR\u00fcckerstattungsantr\u00e4ge m\u00fcssen innerhalb von 72 Stunden nach dem Kauf eingereicht werden. Nach Ablauf dieser Frist k\u00f6nnen keine R\u00fcckerstattungen mehr ausgestellt werden, au\u00dfer in F\u00e4llen, in denen unser Service aufgrund von durch uns verursachten Problemen f\u00fcr mehr als 48 Stunden nicht verf\u00fcgbar ist.<\/p>\n<p>3.3\u00a0<strong>Credit Card Refunds:<\/strong><br \/>\nRefunds f\u00fcr Kreditkartenzahlungen werden in der Regel innerhalb von 20 bis 31 Gesch\u00e4ftstagen bearbeitet und Ihrem Konto gutgeschrieben. In manchen F\u00e4llen kann die Bearbeitung bis zu 90 Tage dauern. <strong><a href=\"http:\/\/iptv-smarterpro.net\/de\/\">iptv-smarterpro.net<\/a><\/strong> ist nicht verantwortlich f\u00fcr Verz\u00f6gerungen, die von Drittparteien-Zahlungsabwicklern verursacht werden.<\/p>\n<h4>4.\u00a0<strong>Ausschl\u00fcsse aus Refunds<\/strong><\/h4>\n<p>We will not issue refunds or partial refunds in the following cases:<\/p>\n<ul>\n<li><strong>User Setup Issues:<\/strong><br \/>\nWenn der Nutzer seine Box, sein Ger\u00e4t oder sein System nicht einrichten kann, bieten wir den besten verf\u00fcgbaren Support an. Wir k\u00f6nnen jedoch keine R\u00fcckerstattung f\u00fcr Einrichtungsprobleme gew\u00e4hren, da wir nicht f\u00fcr externe Hardware oder device-related problems verantwortlich sind, die \u00fcber unsere vordefinierten Einrichtungsschritte hinausgehen.<\/li>\n<li><strong>Temporary Channel Issues:<\/strong><br \/>\nBei einigen Kan\u00e4len kann es gelegentlich vorkommen, dass sie einfrieren, verpuffen oder nicht funktionieren. Diese Probleme sind in der Regel vor\u00fcbergehend und k\u00f6nnen durch verschiedene Faktoren verursacht werden, unter anderem:<\/p>\n<ul>\n<li>Internetschwankungen auf der Seite des Kunden.<\/li>\n<li>Probleme mit dem Ger\u00e4t oder der Einrichtung des Kunden.<\/li>\n<li>Probleme mit dem Internet Service Provider (ISP) des Kunden.<\/li>\n<li>Tempor\u00e4re Probleme auf unserer Serverseite.<\/li>\n<\/ul>\n<\/li>\n<\/ul>\n<p>Da diese Probleme in der Regel vor\u00fcbergehend sind, werden f\u00fcr sie keine R\u00fcckerstattungen ausgestellt. Unsere Techniker arbeiten kontinuierlich daran, solche Probleme zu beheben.<\/p>\n<ul>\n<li><strong>Change of Mind:<\/strong><br \/>\nRefunds werden nicht ausgestellt, wenn der Kunde nach dem Kauf seine Meinung \u00e4ndert oder beschlie\u00dft, ohne technische Probleme oder Probleme mit dem Service zu optieren.<\/li>\n<\/ul>\n<h4>5.\u00a0<strong>Entsch\u00e4digung f\u00fcr Langzeitarbeitslosigkeit<\/strong><\/h4>\n<p>In F\u00e4llen, in denen Sie aufgrund eines von uns verursachten Problems mehr als 48 Stunden lang nicht auf Ihr IPTV-Abonnement zugreifen k\u00f6nnen, werden wir den Paketpreis vollst\u00e4ndig zur\u00fcckerstatten oder Ihr Abonnement verl\u00e4ngern, um die verlorene Zeit zu ber\u00fccksichtigen. Dar\u00fcber hinaus k\u00f6nnen wir einen Bonus anbieten, um die Unannehmlichkeiten auszugleichen, der von Fall zu Fall ausgehandelt wird.<\/p>\n<h4>6.\u00a0<strong>Kontakt Informationen<\/strong><\/h4>\n<p>Wenn Sie Fragen zu unserer R\u00fcckerstattungsrichtlinie haben oder Unterst\u00fctzung ben\u00f6tigen, melden Sie sich bitte bei uns unter:<\/p>\n<p><strong>Email: <a href=\"\/de\/contact@iptv-smarterpro.net\/\">contact@iptv-smarterpro.net<\/a><\/strong><\/p>\n<p><strong>Website:<\/strong> <a href=\"https:\/\/iptv-smarterpro.net\/de\">https:\/\/iptv-smarterpro.net\/<\/a><\/p>\n<\/div>\n<\/div>\n<\/div>\n<\/div>","protected":false},"excerpt":{"rendered":"<p>Refund Policy At iptv-smarterpro.net, we believe in the quality of our products and services. Our primary goal is your satisfaction, and we work diligently every day to ensure that you have a seamless experience. However, we understand that issues may arise, and we are committed to addressing them with transparency and fairness. Below is our [&hellip;]<\/p>\n","protected":false},"author":1,"featured_media":0,"parent":0,"menu_order":0,"comment_status":"closed","ping_status":"closed","template":"","meta":{"site-sidebar-layout":"default","site-content-layout":"","ast-site-content-layout":"default","site-content-style":"default","site-sidebar-style":"default","ast-global-header-display":"","ast-banner-title-visibility":"","ast-main-header-display":"","ast-hfb-above-header-display":"","ast-hfb-below-header-display":"","ast-hfb-mobile-header-display":"","site-post-title":"","ast-breadcrumbs-content":"","ast-featured-img":"","footer-sml-layout":"","ast-disable-related-posts":"","theme-transparent-header-meta":"default","adv-header-id-meta":"","stick-header-meta":"","header-above-stick-meta":"","header-main-stick-meta":"","header-below-stick-meta":"","astra-migrate-meta-layouts":"set","ast-page-background-enabled":"default","ast-page-background-meta":{"desktop":{"background-color":"","background-image":"","background-repeat":"repeat","background-position":"center center","background-size":"auto","background-attachment":"scroll","background-type":"","background-media":"","overlay-type":"","overlay-color":"","overlay-opacity":"","overlay-gradient":""},"tablet":{"background-color":"","background-image":"","background-repeat":"repeat","background-position":"center center","background-size":"auto","background-attachment":"scroll","background-type":"","background-media":"","overlay-type":"","overlay-color":"","overlay-opacity":"","overlay-gradient":""},"mobile":{"background-color":"","background-image":"","background-repeat":"repeat","background-position":"center center","background-size":"auto","background-attachment":"scroll","background-type":"","background-media":"","overlay-type":"","overlay-color":"","overlay-opacity":"","overlay-gradient":""}},"ast-content-background-meta":{"desktop":{"background-color":"var(--ast-global-color-5)","background-image":"","background-repeat":"repeat","background-position":"center center","background-size":"auto","background-attachment":"scroll","background-type":"","background-media":"","overlay-type":"","overlay-color":"","overlay-opacity":"","overlay-gradient":""},"tablet":{"background-color":"var(--ast-global-color-5)","background-image":"","background-repeat":"repeat","background-position":"center center","background-size":"auto","background-attachment":"scroll","background-type":"","background-media":"","overlay-type":"","overlay-color":"","overlay-opacity":"","overlay-gradient":""},"mobile":{"background-color":"var(--ast-global-color-5)","background-image":"","background-repeat":"repeat","background-position":"center center","background-size":"auto","background-attachment":"scroll","background-type":"","background-media":"","overlay-type":"","overlay-color":"","overlay-opacity":"","overlay-gradient":""}},"footnotes":""},"class_list":["post-25704","page","type-page","status-publish","hentry"],"_links":{"self":[{"href":"https:\/\/iptv-smarterpro.net\/de\/wp-json\/wp\/v2\/pages\/25704","targetHints":{"allow":["GET"]}}],"collection":[{"href":"https:\/\/iptv-smarterpro.net\/de\/wp-json\/wp\/v2\/pages"}],"about":[{"href":"https:\/\/iptv-smarterpro.net\/de\/wp-json\/wp\/v2\/types\/page"}],"author":[{"embeddable":true,"href":"https:\/\/iptv-smarterpro.net\/de\/wp-json\/wp\/v2\/users\/1"}],"replies":[{"embeddable":true,"href":"https:\/\/iptv-smarterpro.net\/de\/wp-json\/wp\/v2\/comments?post=25704"}],"version-history":[{"count":5,"href":"https:\/\/iptv-smarterpro.net\/de\/wp-json\/wp\/v2\/pages\/25704\/revisions"}],"predecessor-version":[{"id":26639,"href":"https:\/\/iptv-smarterpro.net\/de\/wp-json\/wp\/v2\/pages\/25704\/revisions\/26639"}],"wp:attachment":[{"href":"https:\/\/iptv-smarterpro.net\/de\/wp-json\/wp\/v2\/media?parent=25704"}],"curies":[{"name":"wp","href":"https:\/\/api.w.org\/{rel}","templated":true}]}}