{"id":26521,"date":"2025-01-27T18:08:04","date_gmt":"2025-01-27T18:08:04","guid":{"rendered":"https:\/\/iptv-smarterpro.net\/?page_id=26521"},"modified":"2025-12-04T02:55:05","modified_gmt":"2025-12-04T02:55:05","slug":"download-2","status":"publish","type":"page","link":"https:\/\/iptv-smarterpro.net\/en\/download-2\/","title":{"rendered":"Download App"},"content":{"rendered":"<div data-elementor-type=\"wp-page\" data-elementor-id=\"26521\" class=\"elementor elementor-26521\" data-elementor-post-type=\"page\">\n\t\t\t\t<div class=\"elementor-element elementor-element-97c6a8f e-flex e-con-boxed e-con e-parent\" data-id=\"97c6a8f\" data-element_type=\"container\" data-e-type=\"container\">\n\t\t\t\t\t<div class=\"e-con-inner\">\n\t\t\t\t<div class=\"elementor-element elementor-element-d8b462f elementor-widget elementor-widget-heading\" data-id=\"d8b462f\" data-element_type=\"widget\" data-e-type=\"widget\" data-widget_type=\"heading.default\">\n\t\t\t\t\t<h1 class=\"elementor-heading-title elementor-size-default\">Download IPTV Smarters <\/h1>\t\t\t\t<\/div>\n\t\t\t\t\t<\/div>\n\t\t\t\t<\/div>\n\t\t<div class=\"elementor-element elementor-element-7765fdf e-flex e-con-boxed e-con e-parent\" data-id=\"7765fdf\" data-element_type=\"container\" data-e-type=\"container\">\n\t\t\t\t\t<div class=\"e-con-inner\">\n\t\t\t\t<div class=\"elementor-element elementor-element-84af6b2 elementor-position-left elementor-vertical-align-top elementor-widget elementor-widget-image-box\" data-id=\"84af6b2\" data-element_type=\"widget\" data-e-type=\"widget\" data-widget_type=\"image-box.default\">\n\t\t\t\t\t<div class=\"elementor-image-box-wrapper\"><figure class=\"elementor-image-box-img\"><img decoding=\"async\" data-src=\"https:\/\/iptv-smarterpro.net\/wp-content\/uploads\/elementor\/thumbs\/icons8-android-250-r0mqyytnj84srqymgiolns4l9jxglbfrvnbkfhubxk.png\" title=\"android\" alt=\"android\" src=\"data:image\/svg+xml;base64,PHN2ZyB3aWR0aD0iMSIgaGVpZ2h0PSIxIiB4bWxucz0iaHR0cDovL3d3dy53My5vcmcvMjAwMC9zdmciPjwvc3ZnPg==\" class=\"lazyload\" style=\"--smush-placeholder-width: 100px; --smush-placeholder-aspect-ratio: 100\/100;\" \/><\/figure><div class=\"elementor-image-box-content\"><h2 class=\"elementor-image-box-title\">IPTV SMARTERS PRO Android<\/h2><p class=\"elementor-image-box-description\">Smartphones &amp; tablettes Android 5.0+\nAndroid TV &amp; Box\nFire TV Stick\nNvidia Shield\nMi Box<\/p><\/div><\/div>\t\t\t\t<\/div>\n\t\t\t\t<div class=\"elementor-element elementor-element-afa6f0b elementor-align-center elementor-widget elementor-widget-button\" data-id=\"afa6f0b\" data-element_type=\"widget\" data-e-type=\"widget\" data-widget_type=\"button.default\">\n\t\t\t\t\t\t\t\t\t\t<a class=\"elementor-button elementor-button-link elementor-size-sm\" href=\"https:\/\/iptv-smarters-pro.en.uptodown.com\/android\/download\" target=\"_blank\" rel=\"noopener\">\n\t\t\t\t\t\t<span class=\"elementor-button-content-wrapper\">\n\t\t\t\t\t\t\t\t\t<span class=\"elementor-button-text\"> Download here<\/span>\n\t\t\t\t\t<\/span>\n\t\t\t\t\t<\/a>\n\t\t\t\t\t\t\t\t<\/div>\n\t\t\t\t\t<\/div>\n\t\t\t\t<\/div>\n\t\t<div class=\"elementor-element elementor-element-33e4661 e-flex e-con-boxed e-con e-parent\" data-id=\"33e4661\" data-element_type=\"container\" data-e-type=\"container\">\n\t\t\t\t\t<div class=\"e-con-inner\">\n\t\t\t\t<div class=\"elementor-element elementor-element-c17857f elementor-position-left elementor-vertical-align-top elementor-widget elementor-widget-image-box\" data-id=\"c17857f\" data-element_type=\"widget\" data-e-type=\"widget\" data-widget_type=\"image-box.default\">\n\t\t\t\t\t<div class=\"elementor-image-box-wrapper\"><figure class=\"elementor-image-box-img\"><img decoding=\"async\" data-src=\"https:\/\/iptv-smarterpro.net\/wp-content\/uploads\/elementor\/thumbs\/icons8-apple-250-r0mr1hzzy5lm1xa6o43evn4avxg2byhqk6lnzc3560.png\" title=\"Macos\" alt=\"Macos\" src=\"data:image\/svg+xml;base64,PHN2ZyB3aWR0aD0iMSIgaGVpZ2h0PSIxIiB4bWxucz0iaHR0cDovL3d3dy53My5vcmcvMjAwMC9zdmciPjwvc3ZnPg==\" class=\"lazyload\" style=\"--smush-placeholder-width: 100px; --smush-placeholder-aspect-ratio: 100\/100;\" \/><\/figure><div class=\"elementor-image-box-content\"><h3 class=\"elementor-image-box-title\">Smarters Player Lite IOS<\/h3><p class=\"elementor-image-box-description\">Download the latest version for iPhone, iPad, TVOS (Apple TV).<\/p><\/div><\/div>\t\t\t\t<\/div>\n\t\t\t\t<div class=\"elementor-element elementor-element-39c1bf9 elementor-align-center elementor-widget elementor-widget-button\" data-id=\"39c1bf9\" data-element_type=\"widget\" data-e-type=\"widget\" data-widget_type=\"button.default\">\n\t\t\t\t\t\t\t\t\t\t<a class=\"elementor-button elementor-button-link elementor-size-sm\" href=\"https:\/\/apps.apple.com\/in\/app\/smarters-player-lite\/id1628995509\" target=\"_blank\" rel=\"noopener\">\n\t\t\t\t\t\t<span class=\"elementor-button-content-wrapper\">\n\t\t\t\t\t\t\t\t\t<span class=\"elementor-button-text\"> Download here<\/span>\n\t\t\t\t\t<\/span>\n\t\t\t\t\t<\/a>\n\t\t\t\t\t\t\t\t<\/div>\n\t\t\t\t\t<\/div>\n\t\t\t\t<\/div>\n\t\t<div class=\"elementor-element elementor-element-259ffc0 e-flex e-con-boxed e-con e-parent\" data-id=\"259ffc0\" data-element_type=\"container\" data-e-type=\"container\">\n\t\t\t\t\t<div class=\"e-con-inner\">\n\t\t\t\t<div class=\"elementor-element elementor-element-7c5a3f2 elementor-position-left elementor-vertical-align-top elementor-widget elementor-widget-image-box\" data-id=\"7c5a3f2\" data-element_type=\"widget\" data-e-type=\"widget\" data-widget_type=\"image-box.default\">\n\t\t\t\t\t<div class=\"elementor-image-box-wrapper\"><figure class=\"elementor-image-box-img\"><img decoding=\"async\" data-src=\"https:\/\/iptv-smarterpro.net\/wp-content\/uploads\/elementor\/thumbs\/icons8-apple-250-r0mr1hzzy5lm1xa6o43evn4avxg2byhqk6lnzc3560.png\" title=\"Macos\" alt=\"Macos\" src=\"data:image\/svg+xml;base64,PHN2ZyB3aWR0aD0iMSIgaGVpZ2h0PSIxIiB4bWxucz0iaHR0cDovL3d3dy53My5vcmcvMjAwMC9zdmciPjwvc3ZnPg==\" class=\"lazyload\" style=\"--smush-placeholder-width: 100px; --smush-placeholder-aspect-ratio: 100\/100;\" \/><\/figure><div class=\"elementor-image-box-content\"><h3 class=\"elementor-image-box-title\">MacOS IPTV application<\/h3><p class=\"elementor-image-box-description\">All versions of macOS, including the latest.<\/p><\/div><\/div>\t\t\t\t<\/div>\n\t\t\t\t<div class=\"elementor-element elementor-element-31c60cd elementor-align-center elementor-widget elementor-widget-button\" data-id=\"31c60cd\" data-element_type=\"widget\" data-e-type=\"widget\" data-widget_type=\"button.default\">\n\t\t\t\t\t\t\t\t\t\t<a class=\"elementor-button elementor-button-link elementor-size-sm\" href=\"https:\/\/iptv-smarters-pro.en.uptodown.com\/mac\" target=\"_blank\" rel=\"noopener\">\n\t\t\t\t\t\t<span class=\"elementor-button-content-wrapper\">\n\t\t\t\t\t\t\t\t\t<span class=\"elementor-button-text\"> Download here<\/span>\n\t\t\t\t\t<\/span>\n\t\t\t\t\t<\/a>\n\t\t\t\t\t\t\t\t<\/div>\n\t\t\t\t\t<\/div>\n\t\t\t\t<\/div>\n\t\t<div class=\"elementor-element elementor-element-a0a132d e-flex e-con-boxed e-con e-parent\" data-id=\"a0a132d\" data-element_type=\"container\" data-e-type=\"container\">\n\t\t\t\t\t<div class=\"e-con-inner\">\n\t\t\t\t<div class=\"elementor-element elementor-element-7a9c517 elementor-position-left elementor-vertical-align-top elementor-widget elementor-widget-image-box\" data-id=\"7a9c517\" data-element_type=\"widget\" data-e-type=\"widget\" data-widget_type=\"image-box.default\">\n\t\t\t\t\t<div class=\"elementor-image-box-wrapper\"><figure class=\"elementor-image-box-img\"><img decoding=\"async\" data-src=\"https:\/\/iptv-smarterpro.net\/wp-content\/uploads\/elementor\/thumbs\/icons8-computer-150-r0mrfvx2jvalr2dvntyujifa78jb56lu7e27esr7xk.png\" title=\"windows\" alt=\"windows\" src=\"data:image\/svg+xml;base64,PHN2ZyB3aWR0aD0iMSIgaGVpZ2h0PSIxIiB4bWxucz0iaHR0cDovL3d3dy53My5vcmcvMjAwMC9zdmciPjwvc3ZnPg==\" class=\"lazyload\" style=\"--smush-placeholder-width: 100px; --smush-placeholder-aspect-ratio: 100\/100;\" \/><\/figure><div class=\"elementor-image-box-content\"><h3 class=\"elementor-image-box-title\">Windows IPTV application<\/h3><p class=\"elementor-image-box-description\">Windows 8\/10 and all versions, including the latest.<\/p><\/div><\/div>\t\t\t\t<\/div>\n\t\t\t\t<div class=\"elementor-element elementor-element-ef86486 elementor-align-center elementor-widget elementor-widget-button\" data-id=\"ef86486\" data-element_type=\"widget\" data-e-type=\"widget\" data-widget_type=\"button.default\">\n\t\t\t\t\t\t\t\t\t\t<a class=\"elementor-button elementor-button-link elementor-size-sm\" href=\"https:\/\/iptv-smarters-pro.en.uptodown.com\/windows\/download\" target=\"_blank\" rel=\"noopener\">\n\t\t\t\t\t\t<span class=\"elementor-button-content-wrapper\">\n\t\t\t\t\t\t\t\t\t<span class=\"elementor-button-text\"> Download here<\/span>\n\t\t\t\t\t<\/span>\n\t\t\t\t\t<\/a>\n\t\t\t\t\t\t\t\t<\/div>\n\t\t\t\t\t<\/div>\n\t\t\t\t<\/div>\n\t\t\t\t<\/div>","protected":false},"excerpt":{"rendered":"<p>T\u00e9l\u00e9charger IPTV Smarters IPTV SMARTERS PRO Android Smartphones &#038; tablettes Android 5.0+ Android TV &#038; Box Fire TV Stick Nvidia Shield Mi Box T\u00e9l\u00e9charger ici Smarters Player Lite IOS T\u00e9l\u00e9charger la derni\u00e8re version iPhone, iPad, TVOS (Apple TV). T\u00e9l\u00e9charger ici Application IPTV MacOS Toutes les versions de macOS, y compris les derni\u00e8res. T\u00e9l\u00e9charger ici Application [&hellip;]<\/p>\n","protected":false},"author":1,"featured_media":0,"parent":0,"menu_order":0,"comment_status":"closed","ping_status":"closed","template":"","meta":{"site-sidebar-layout":"no-sidebar","site-content-layout":"page-builder","ast-site-content-layout":"full-width-container","site-content-style":"default","site-sidebar-style":"default","ast-global-header-display":"","ast-banner-title-visibility":"","ast-main-header-display":"","ast-hfb-above-header-display":"","ast-hfb-below-header-display":"","ast-hfb-mobile-header-display":"","site-post-title":"disabled","ast-breadcrumbs-content":"","ast-featured-img":"disabled","footer-sml-layout":"","ast-disable-related-posts":"","theme-transparent-header-meta":"","adv-header-id-meta":"","stick-header-meta":"","header-above-stick-meta":"","header-main-stick-meta":"","header-below-stick-meta":"","astra-migrate-meta-layouts":"default","ast-page-background-enabled":"default","ast-page-background-meta":{"desktop":{"background-color":"","background-image":"","background-repeat":"repeat","background-position":"center center","background-size":"auto","background-attachment":"scroll","background-type":"","background-media":"","overlay-type":"","overlay-color":"","overlay-opacity":"","overlay-gradient":""},"tablet":{"background-color":"","background-image":"","background-repeat":"repeat","background-position":"center center","background-size":"auto","background-attachment":"scroll","background-type":"","background-media":"","overlay-type":"","overlay-color":"","overlay-opacity":"","overlay-gradient":""},"mobile":{"background-color":"","background-image":"","background-repeat":"repeat","background-position":"center center","background-size":"auto","background-attachment":"scroll","background-type":"","background-media":"","overlay-type":"","overlay-color":"","overlay-opacity":"","overlay-gradient":""}},"ast-content-background-meta":{"desktop":{"background-color":"var(--ast-global-color-5)","background-image":"","background-repeat":"repeat","background-position":"center center","background-size":"auto","background-attachment":"scroll","background-type":"","background-media":"","overlay-type":"","overlay-color":"","overlay-opacity":"","overlay-gradient":""},"tablet":{"background-color":"var(--ast-global-color-5)","background-image":"","background-repeat":"repeat","background-position":"center center","background-size":"auto","background-attachment":"scroll","background-type":"","background-media":"","overlay-type":"","overlay-color":"","overlay-opacity":"","overlay-gradient":""},"mobile":{"background-color":"var(--ast-global-color-5)","background-image":"","background-repeat":"repeat","background-position":"center center","background-size":"auto","background-attachment":"scroll","background-type":"","background-media":"","overlay-type":"","overlay-color":"","overlay-opacity":"","overlay-gradient":""}},"footnotes":""},"class_list":["post-26521","page","type-page","status-publish","hentry"],"_links":{"self":[{"href":"https:\/\/iptv-smarterpro.net\/en\/wp-json\/wp\/v2\/pages\/26521","targetHints":{"allow":["GET"]}}],"collection":[{"href":"https:\/\/iptv-smarterpro.net\/en\/wp-json\/wp\/v2\/pages"}],"about":[{"href":"https:\/\/iptv-smarterpro.net\/en\/wp-json\/wp\/v2\/types\/page"}],"author":[{"embeddable":true,"href":"https:\/\/iptv-smarterpro.net\/en\/wp-json\/wp\/v2\/users\/1"}],"replies":[{"embeddable":true,"href":"https:\/\/iptv-smarterpro.net\/en\/wp-json\/wp\/v2\/comments?post=26521"}],"version-history":[{"count":43,"href":"https:\/\/iptv-smarterpro.net\/en\/wp-json\/wp\/v2\/pages\/26521\/revisions"}],"predecessor-version":[{"id":26569,"href":"https:\/\/iptv-smarterpro.net\/en\/wp-json\/wp\/v2\/pages\/26521\/revisions\/26569"}],"wp:attachment":[{"href":"https:\/\/iptv-smarterpro.net\/en\/wp-json\/wp\/v2\/media?parent=26521"}],"curies":[{"name":"wp","href":"https:\/\/api.w.org\/{rel}","templated":true}]}}